{"id":139,"date":"2025-07-04T11:03:23","date_gmt":"2025-07-04T11:03:23","guid":{"rendered":"https:\/\/tradematicsarl.com\/?page_id=139"},"modified":"2025-07-04T13:30:03","modified_gmt":"2025-07-04T13:30:03","slug":"a-propos-de-nous","status":"publish","type":"page","link":"https:\/\/tradematicsarl.com\/?page_id=139","title":{"rendered":"A propos de nous"},"content":{"rendered":"\n<p>Nous sommes une entreprise congolaise avec plus de 9 ans d\u2019exp\u00e9rience sur le march\u00e9 mondial. Nous importons, exportons, fabriquons, adaptons et assemblons tout type de mat\u00e9riaux, ses sous-produits et leurs d\u00e9riv\u00e9s, \u00e9quipements et<br>machines l\u00e9g\u00e8res et lourdes utilis\u00e9s dans les Industries de la construction, \u00e9lectrique, \u00e9leveuse, agriculture et p\u00e8che, etc-<\/p>\n\n\n\n<p>Nous nous engageons \u00e0 offrir des mat\u00e9riaux d\u2019excellence r\u00e9pondant aux normes les plus \u00e9lev\u00e9es du march\u00e9. Gr\u00e2ce \u00e0 notre savoir faire et notre contr\u00f4le de qualit\u00e9 constant, nous garantissons \u00e0 nos clients des solutions strat\u00e9giques, durables et adapt\u00e9es \u00e0 leurs besoins. Notre priorit\u00e9 est de b\u00e2tir des relations de confiance avec nos partenaires, en leur fournissant un service unique et personnalis\u00e9, une formation continue de qualit\u00e9, des conseils techniques professionnels et une logistique efficace et pratique durant toutes nos transactions . Chaque projet est pour nous une occasion de d\u00e9montrer notre savoir-faire, notre fiabilit\u00e9 et notre engagement envers la satisfaction totale de nos clients<\/p>\n\n\n\n<p><\/p>\n","protected":false},"excerpt":{"rendered":"<p>Nous sommes une entreprise congolaise avec plus de 9 ans d\u2019exp\u00e9rience sur le march\u00e9 mondial. Nous importons, exportons, fabriquons, adaptons et assemblons tout type de mat\u00e9riaux, ses sous-produits et leurs d\u00e9riv\u00e9s, \u00e9quipements etmachines l\u00e9g\u00e8res et lourdes utilis\u00e9s dans les Industries de la construction, \u00e9lectrique, \u00e9leveuse, agriculture et p\u00e8che, etc- Nous nous engageons \u00e0 offrir des [&hellip;]<\/p>\n","protected":false},"author":1,"featured_media":0,"parent":0,"menu_order":0,"comment_status":"closed","ping_status":"closed","template":"right-sidebar.php","meta":{"footnotes":""},"class_list":["post-139","page","type-page","status-publish","hentry"],"_links":{"self":[{"href":"https:\/\/tradematicsarl.com\/index.php?rest_route=\/wp\/v2\/pages\/139","targetHints":{"allow":["GET"]}}],"collection":[{"href":"https:\/\/tradematicsarl.com\/index.php?rest_route=\/wp\/v2\/pages"}],"about":[{"href":"https:\/\/tradematicsarl.com\/index.php?rest_route=\/wp\/v2\/types\/page"}],"author":[{"embeddable":true,"href":"https:\/\/tradematicsarl.com\/index.php?rest_route=\/wp\/v2\/users\/1"}],"replies":[{"embeddable":true,"href":"https:\/\/tradematicsarl.com\/index.php?rest_route=%2Fwp%2Fv2%2Fcomments&post=139"}],"version-history":[{"count":2,"href":"https:\/\/tradematicsarl.com\/index.php?rest_route=\/wp\/v2\/pages\/139\/revisions"}],"predecessor-version":[{"id":144,"href":"https:\/\/tradematicsarl.com\/index.php?rest_route=\/wp\/v2\/pages\/139\/revisions\/144"}],"wp:attachment":[{"href":"https:\/\/tradematicsarl.com\/index.php?rest_route=%2Fwp%2Fv2%2Fmedia&parent=139"}],"curies":[{"name":"wp","href":"https:\/\/api.w.org\/{rel}","templated":true}]}}