{"id":149,"date":"2025-07-04T11:25:53","date_gmt":"2025-07-04T11:25:53","guid":{"rendered":"https:\/\/tradematicsarl.com\/?page_id=149"},"modified":"2025-07-04T11:25:53","modified_gmt":"2025-07-04T11:25:53","slug":"nos-services","status":"publish","type":"page","link":"https:\/\/tradematicsarl.com\/?page_id=149","title":{"rendered":"NOS SERVICES"},"content":{"rendered":"\n<p><\/p>\n\n\n\n<p>En tant qu\u2019unit\u00e9 de d\u00e9veloppement \u00e9conomique et social, a pour objet, tant sur le territoire<br>R\u00e9publique D\u00e9mocratique du Congo que sur le territoire des Etats \u00e9trangers, par toutes voies<br>directes ou indirectes :<\/p>\n\n\n\n<p>Fabrication, Adaptation, assemblage de tout type des mat\u00e9riaux et leurs d\u00e9riv\u00e9s<br>utilis\u00e9s dans :<\/p>\n\n\n\n<ol class=\"wp-block-list\">\n<li>L\u2019Industrie de la construction : marbres, granits, carreaux, colles, peinture, le bois et<br>ses sous-produits, l\u2019acier, aluminium et tous ses sous-produits ; \u00e9quipements et<br>machines de constructions l\u00e9g\u00e8res et lourdes, grues, \u00e9chafaudages ; escaliers \u00e9lectriques<br>et m\u00e9caniques, tout type d\u2019\u00e9quipements li\u00e9s au secteur ;<\/li>\n\n\n\n<li>L\u2019Industrie \u00e9leveuse, agriculture et p\u00e8che : machines, \u00e9quipements, outils et tous les<br>produits li\u00e9s \u00e0 ces secteurs ;<\/li>\n\n\n\n<li>L\u2019Industrie \u00e9lectrique : machines, \u00e9quipements, outils et tous les produits li\u00e9s \u00e0 ces<br>secteurs.<br>\uf0b7 Le Conseil technique et pratique ;<br>\uf0b7 Le renforcement des capacit\u00e9s ;<br>\uf0b7 La formation continue de ses clients et partenaires li\u00e9s \u00e0 ses transactions<br>commerciales.<\/li>\n<\/ol>\n","protected":false},"excerpt":{"rendered":"<p>En tant qu\u2019unit\u00e9 de d\u00e9veloppement \u00e9conomique et social, a pour objet, tant sur le territoireR\u00e9publique D\u00e9mocratique du Congo que sur le territoire des Etats \u00e9trangers, par toutes voiesdirectes ou indirectes : Fabrication, Adaptation, assemblage de tout type des mat\u00e9riaux et leurs d\u00e9riv\u00e9sutilis\u00e9s dans :<\/p>\n","protected":false},"author":1,"featured_media":0,"parent":0,"menu_order":0,"comment_status":"closed","ping_status":"closed","template":"","meta":{"footnotes":""},"class_list":["post-149","page","type-page","status-publish","hentry"],"_links":{"self":[{"href":"https:\/\/tradematicsarl.com\/index.php?rest_route=\/wp\/v2\/pages\/149","targetHints":{"allow":["GET"]}}],"collection":[{"href":"https:\/\/tradematicsarl.com\/index.php?rest_route=\/wp\/v2\/pages"}],"about":[{"href":"https:\/\/tradematicsarl.com\/index.php?rest_route=\/wp\/v2\/types\/page"}],"author":[{"embeddable":true,"href":"https:\/\/tradematicsarl.com\/index.php?rest_route=\/wp\/v2\/users\/1"}],"replies":[{"embeddable":true,"href":"https:\/\/tradematicsarl.com\/index.php?rest_route=%2Fwp%2Fv2%2Fcomments&post=149"}],"version-history":[{"count":1,"href":"https:\/\/tradematicsarl.com\/index.php?rest_route=\/wp\/v2\/pages\/149\/revisions"}],"predecessor-version":[{"id":150,"href":"https:\/\/tradematicsarl.com\/index.php?rest_route=\/wp\/v2\/pages\/149\/revisions\/150"}],"wp:attachment":[{"href":"https:\/\/tradematicsarl.com\/index.php?rest_route=%2Fwp%2Fv2%2Fmedia&parent=149"}],"curies":[{"name":"wp","href":"https:\/\/api.w.org\/{rel}","templated":true}]}}